{"id":2418,"date":"2024-04-25T10:49:05","date_gmt":"2024-04-25T08:49:05","guid":{"rendered":"https:\/\/normafasihaz.hu\/?post_type=product&#038;p=2418"},"modified":"2026-04-14T17:37:17","modified_gmt":"2026-04-14T15:37:17","slug":"bazsarozsa-csokor","status":"publish","type":"product","link":"https:\/\/normafasihaz.hu\/en\/product-2\/bazsarozsa-csokor\/","title":{"rendered":"Any\u00e1k napi bazsar\u00f3zsa csokor"},"content":{"rendered":"","protected":false},"excerpt":{"rendered":"<p>A helysz\u00ednen k\u00fcl\u00f6nb\u00f6z\u0151 sz\u00edn\u0171 bazsar\u00f3zs\u00e1k lesznek el\u00e9rhet\u0151ek, \u00edgy elt\u00e9rhetnek a k\u00e9pen szerepl\u0151t\u0151l. A bazsar\u00f3zsa \u00e1rus\u00edt\u00e1s 10:00-kor kezd\u0151dik \u00e9s a k\u00e9szlet erej\u00e9ig tart.<\/p>","protected":false},"featured_media":4109,"template":"","meta":{"_acf_changed":false,"_seopress_robots_primary_cat":"none","_seopress_titles_title":"","_seopress_titles_desc":"","_seopress_robots_index":"","_elementor_data":"","iawp_total_views":865},"product_brand":[],"product_cat":[80],"product_tag":[],"class_list":{"0":"post-2418","1":"product","2":"type-product","3":"status-publish","4":"has-post-thumbnail","6":"product_cat-anyak-napja","8":"first","9":"instock","10":"taxable","11":"shipping-taxable","12":"purchasable","13":"product-type-variable","14":"has-default-attributes"},"acf":[],"_links":{"self":[{"href":"https:\/\/normafasihaz.hu\/en\/wp-json\/wp\/v2\/product\/2418","targetHints":{"allow":["GET"]}}],"collection":[{"href":"https:\/\/normafasihaz.hu\/en\/wp-json\/wp\/v2\/product"}],"about":[{"href":"https:\/\/normafasihaz.hu\/en\/wp-json\/wp\/v2\/types\/product"}],"wp:featuredmedia":[{"embeddable":true,"href":"https:\/\/normafasihaz.hu\/en\/wp-json\/wp\/v2\/media\/4109"}],"wp:attachment":[{"href":"https:\/\/normafasihaz.hu\/en\/wp-json\/wp\/v2\/media?parent=2418"}],"wp:term":[{"taxonomy":"product_brand","embeddable":true,"href":"https:\/\/normafasihaz.hu\/en\/wp-json\/wp\/v2\/product_brand?post=2418"},{"taxonomy":"product_cat","embeddable":true,"href":"https:\/\/normafasihaz.hu\/en\/wp-json\/wp\/v2\/product_cat?post=2418"},{"taxonomy":"product_tag","embeddable":true,"href":"https:\/\/normafasihaz.hu\/en\/wp-json\/wp\/v2\/product_tag?post=2418"}],"curies":[{"name":"wp","href":"https:\/\/api.w.org\/{rel}","templated":true}]}}