{"id":2810,"date":"2025-08-04T10:54:33","date_gmt":"2025-08-04T08:54:33","guid":{"rendered":"https:\/\/normafasihaz.hu\/?page_id=2810"},"modified":"2026-02-21T12:36:49","modified_gmt":"2026-02-21T11:36:49","slug":"koszono-oldal","status":"publish","type":"page","link":"https:\/\/normafasihaz.hu\/en\/koszono-oldal\/","title":{"rendered":"K\u00f6sz\u00f6n\u0151 oldal"},"content":{"rendered":"<div data-elementor-type=\"wp-page\" data-elementor-id=\"2810\" class=\"elementor elementor-2810\" data-elementor-post-type=\"page\">\n\t\t\t\t<div class=\"elementor-element elementor-element-b65f00b e-flex e-con-boxed e-con e-parent\" data-id=\"b65f00b\" data-element_type=\"container\" data-e-type=\"container\" data-settings=\"{&quot;background_background&quot;:&quot;classic&quot;}\">\n\t\t\t\t\t<div class=\"e-con-inner\">\n\t\t\t\t<div class=\"elementor-element elementor-element-22bf9ee elementor-widget elementor-widget-heading\" data-id=\"22bf9ee\" data-element_type=\"widget\" data-e-type=\"widget\" data-widget_type=\"heading.default\">\n\t\t\t\t<div class=\"elementor-widget-container\">\n\t\t\t\t\t<h2 class=\"elementor-heading-title elementor-size-default\">Thank you for your request \u2014 our colleagues will be in touch with you shortly.<\/h2>\t\t\t\t<\/div>\n\t\t\t\t<\/div>\n\t\t\t\t<div class=\"elementor-element elementor-element-3e64a2c elementor-widget elementor-widget-ucaddon_normafa_button\" data-id=\"3e64a2c\" data-element_type=\"widget\" data-e-type=\"widget\" data-widget_type=\"ucaddon_normafa_button.default\">\n\t\t\t\t<div class=\"elementor-widget-container\">\n\t\t\t\t\t\n<!-- start normafa button -->\n\n<a href=\"https:\/\/normafasihaz.hu\/en\" class=\"norma-btn norma-brown\">VISSZA A F\u0150OLDRA<\/a>\n<!-- end normafa button -->\t\t\t\t<\/div>\n\t\t\t\t<\/div>\n\t\t\t\t\t<\/div>\n\t\t\t\t<\/div>\n\t\t\t\t<\/div>","protected":false},"excerpt":{"rendered":"<p>K\u00f6sz\u00f6nj\u00fck az aj\u00e1nlatk\u00e9r\u00e9st, koll\u00e9g\u00e1ink hamarosan felveszik \u00d6nnel a kapcsolatot. VISSZA A F\u0150OLDRA<\/p>","protected":false},"author":15,"featured_media":0,"parent":0,"menu_order":0,"comment_status":"closed","ping_status":"closed","template":"elementor_header_footer","meta":{"_acf_changed":false,"_seopress_robots_primary_cat":"","_seopress_titles_title":"","_seopress_titles_desc":"","_seopress_robots_index":"","iawp_total_views":201,"footnotes":""},"class_list":["post-2810","page","type-page","status-publish","hentry"],"acf":[],"_links":{"self":[{"href":"https:\/\/normafasihaz.hu\/en\/wp-json\/wp\/v2\/pages\/2810","targetHints":{"allow":["GET"]}}],"collection":[{"href":"https:\/\/normafasihaz.hu\/en\/wp-json\/wp\/v2\/pages"}],"about":[{"href":"https:\/\/normafasihaz.hu\/en\/wp-json\/wp\/v2\/types\/page"}],"author":[{"embeddable":true,"href":"https:\/\/normafasihaz.hu\/en\/wp-json\/wp\/v2\/users\/15"}],"replies":[{"embeddable":true,"href":"https:\/\/normafasihaz.hu\/en\/wp-json\/wp\/v2\/comments?post=2810"}],"version-history":[{"count":17,"href":"https:\/\/normafasihaz.hu\/en\/wp-json\/wp\/v2\/pages\/2810\/revisions"}],"predecessor-version":[{"id":4070,"href":"https:\/\/normafasihaz.hu\/en\/wp-json\/wp\/v2\/pages\/2810\/revisions\/4070"}],"wp:attachment":[{"href":"https:\/\/normafasihaz.hu\/en\/wp-json\/wp\/v2\/media?parent=2810"}],"curies":[{"name":"wp","href":"https:\/\/api.w.org\/{rel}","templated":true}]}}