{"id":1366,"date":"2023-12-06T14:27:34","date_gmt":"2023-12-06T13:27:34","guid":{"rendered":"https:\/\/normafasihaz.hu\/?page_id=1366"},"modified":"2025-10-30T14:43:13","modified_gmt":"2025-10-30T13:43:13","slug":"tajekoztato-a-stripe-fizetesrol","status":"publish","type":"page","link":"https:\/\/normafasihaz.hu\/en\/tajekoztato-a-stripe-fizetesrol\/","title":{"rendered":"T\u00e1j\u00e9koztat\u00f3 a Stripe fizet\u00e9sr\u0151l"},"content":{"rendered":"<div data-elementor-type=\"wp-page\" data-elementor-id=\"1366\" class=\"elementor elementor-1366\" data-elementor-post-type=\"page\">\n\t\t\t\t<div class=\"elementor-element elementor-element-76a4ae4f e-flex e-con-boxed e-con e-parent\" data-id=\"76a4ae4f\" data-element_type=\"container\" data-e-type=\"container\">\n\t\t\t\t\t<div class=\"e-con-inner\">\n\t\t\t\t<div class=\"elementor-element elementor-element-2dda8b6a elementor-widget elementor-widget-text-editor\" data-id=\"2dda8b6a\" data-element_type=\"widget\" data-e-type=\"widget\" data-widget_type=\"text-editor.default\">\n\t\t\t\t<div class=\"elementor-widget-container\">\n\t\t\t\t\t\t\t\t\t\n<p><strong>Stripe<\/strong><\/p>\n\n<p><strong><a href=\"https:\/\/normafasihaz.hu\/wp-content\/uploads\/Tajekoztato-a-Stripe-fizetesrol.pdf\" target=\"_blank\" rel=\"noreferrer noopener\" data-type=\"link\" data-id=\"https:\/\/normafasihaz.hu\/wp-content\/uploads\/Tajekoztato-a-Stripe-fizetesrol.pdf\">Let\u00f6lt\u00e9s<\/a><\/strong><\/p>\n\n<p>Az online bankk\u00e1rty\u00e1s fizet\u00e9sek a Stripe elektronikus fizet\u00e9seket lebonyol\u00edt\u00f3 rendszer\u00e9n kereszt\u00fcl val\u00f3sulnak meg.<\/p>\n\n<p>A Stripe egy technol\u00f3giai v\u00e1llalat, amely gazdas\u00e1gi infrastrukt\u00far\u00e1t \u00e9p\u00edt az internet sz\u00e1m\u00e1ra. Seg\u00edts\u00e9g\u00e9vel minden m\u00e9ret\u0171 v\u00e1llalkoz\u00e1s &#8211; az \u00fajonnan indul\u00f3 v\u00e1llalkoz\u00e1sokt\u00f3l az \u00e1llami v\u00e1llalatokig &#8211; fizet\u00e9seket fogadhatnak el, \u00e9s online ir\u00e1ny\u00edthatj\u00e1k v\u00e1llalkoz\u00e1saikat.<\/p>\n\n<p>Tov\u00e1bbi inform\u00e1ci\u00f3k a Stripe-r\u00f3l (angol nyelv\u0171 oldal): <a href=\"https:\/\/stripe.com\/en-hu\">stripe.com<\/a><\/p>\n\n<p><a href=\"https:\/\/stripe.com\/en-hu\/privacy\">Stripe adatv\u00e9delem, nyilatkozatok, szab\u00e1lyzatok<\/a><\/p>\n\n<p><strong>A Stripe online fizet\u00e9si rendszere az al\u00e1bbi bankk\u00e1rty\u00e1kkal \u00e9s digit\u00e1lis p\u00e9nzt\u00e1rc\u00e1val t\u00f6rt\u00e9n\u0151 fizet\u00e9st teszi lehet\u0151v\u00e9 (magyar vonatkoz\u00e1s\u00fa lista):<\/strong><\/p>\n\n<p><strong>MasterCard<\/strong><\/p>\n\n<p><strong>VISA<\/strong><\/p>\n\n<p>American Express<\/p>\n\n<p>Apple Pay<\/p>\n\n<p>Google Pay<\/p>\n\n<p><strong>Fizet\u00e9s l\u00e9p\u00e9sei<\/strong><\/p>\n\n<p>\u00d6n kiv\u00e1lasztotta azt az \u00e1rut \u00e9s\/vagy szolg\u00e1ltat\u00e1st melynek \u00f6sszeg\u00e9t bankk\u00e1rty\u00e1s fizet\u00e9ssel k\u00edv\u00e1nja teljes\u00edteni.<\/p>\n\n<p>Ezt k\u00f6vet\u0151en \u00d6n \u00e1tker\u00fclt jelen fel\u00fcletre, ahol a bankk\u00e1rty\u00e1s fizet\u00e9ssel kapcsolatos tudnival\u00f3kat ismerheti meg, \u00e9s ellen\u0151rizheti az ind\u00edtani k\u00edv\u00e1nt tranzakci\u00f3 adatait.<\/p>\n\n<p>Tranzakci\u00f3 ind\u00edt\u00e1sa gomb megnyom\u00e1sa ut\u00e1n \u00d6n \u00e1tir\u00e1ny\u00edt\u00e1sra ker\u00fcl a Stripe biztons\u00e1gos fizet\u00e9st garant\u00e1l\u00f3 oldal\u00e1ra, ahol a fizet\u00e9s megkezd\u00e9s\u00e9hez k\u00e1rtyaadatait sz\u00fcks\u00e9ges megadnia.<\/p>\n\n<p>A k\u00e1rtyaadatok megad\u00e1s\u00e1t k\u00f6vet\u0151en a\u00a0 XY Ft fizet\u00e9s gombra kattintva ind\u00edthatja el a tranzakci\u00f3t.<\/p>\n\n<p>Stripe elind\u00edtja a K\u00e1rtyabirtokos sz\u00e1ml\u00e1j\u00e1nak megterhel\u00e9s\u00e9t a tranzakci\u00f3 \u00f6sszeg\u00e9vel.<\/p>\n\n<p>Probl\u00e9ma eset\u00e9n a tranzakci\u00f3s oldal t\u00e1j\u00e9koztatja annak mibenl\u00e9t\u00e9r\u0151l, \u00e9s tov\u00e1bbi lehet\u0151s\u00e9get ad az adatok megv\u00e1ltoztat\u00e1s\u00e1hoz.<\/p>\n\n<p>Sikeres fizet\u00e9st k\u00f6vet\u0151en \u00d6n automatikusan visszat\u00e9r a bankk\u00e1rty\u00e1s fizet\u00e9st lez\u00e1r\u00f3 oldalunkra, ahol a tranzakci\u00f3 eredm\u00e9ny\u00e9r\u0151l kap visszajelz\u00e9st.<\/p>\n\n<p>A tranzakci\u00f3t b\u00e1rmikor megszak\u00edthatja c\u00e9g\u00fcnk log\u00f3ja mellett tal\u00e1lhat\u00f3 Vissza jelz\u00e9s\u0171 ikonra kattintva.<\/p>\n\n<p>Amennyiben \u00d6n nem ker\u00fcl visszair\u00e1ny\u00edt\u00e1sra a fizet\u0151oldalr\u00f3l jelen oldal\u00e1ra, \u00fagy a tranzakci\u00f3 m\u00e9g nem min\u0151s\u00fcl sikertelennek. Amennyiben fizet\u0151oldalon a b\u00f6ng\u00e9sz\u0151 \u201eVissza\/Back\u201d vagy a \u201eFriss\u00edt\u00e9s\/Refresh\u201d gombj\u00e1ra kattint, ill. bez\u00e1rja a b\u00f6ng\u00e9sz\u0151 ablakot miel\u0151tt visszair\u00e1ny\u00edt\u00e1sra ker\u00fclne jelen oldalra, el\u0151fordulhat, hogy a fizet\u00e9s sikertelennek min\u0151s\u00fcl, de nem minden esetben.<\/p>\n\n<p>A sikeres tranzakci\u00f3 eredm\u00e9ny\u00e9r\u0151l emailben ny\u00fajtunk t\u00e1j\u00e9koztat\u00e1st. Sikertelen tranzakci\u00f3r\u00f3l a Stripe tranzakci\u00f3s oldala ny\u00fajt felvil\u00e1gos\u00edt\u00e1st.<\/p>\n\n<p>Stripe \u00e1ltal biztos\u00edtott biztons\u00e1gos bankk\u00e1rty\u00e1s fizet\u00e9si megold\u00e1s<\/p>\n\n<p>A biztons\u00e1got az adatok sz\u00e9tv\u00e1laszt\u00e1sa alapozza meg.<\/p>\n\n<p>A Web\u00e1ruh\u00e1z a megrendel\u00e9ssel kapcsolatos inform\u00e1ci\u00f3kat kapja meg a v\u00e1s\u00e1rl\u00f3t\u00f3l, a Stripe pedig kiz\u00e1r\u00f3lag a fizet\u00e9si tranzakci\u00f3hoz sz\u00fcks\u00e9ges k\u00e1rtyaadatokat a TLS titkos\u00edt\u00e1ssal ell\u00e1tott fizet\u0151oldalon.<\/p>\n\n<p>A fizet\u0151oldal adattartalm\u00e1r\u00f3l a Web\u00e1ruh\u00e1z nem \u00e9rtes\u00fcl, azokat csak a Stripe \u00e9rheti el. A tranzakci\u00f3 eredm\u00e9ny\u00e9r\u0151l a fizet\u00e9st k\u00f6vet\u0151en a Web\u00e1ruh\u00e1z oldala t\u00e1j\u00e9koztatja. A k\u00e1rty\u00e1s fizet\u00e9shez az \u00d6n internet b\u00f6ng\u00e9sz\u0151 programj\u00e1nak t\u00e1mogatnia kell az SSL titkos\u00edt\u00e1st. A v\u00e1s\u00e1rolt \u00e1ru\/szolg\u00e1ltat\u00e1s ellen\u00e9rt\u00e9ke, a kifizetett \u00f6sszeg azonnal z\u00e1rol\u00e1sra ker\u00fcl k\u00e1rtyasz\u00e1ml\u00e1j\u00e1n.<\/p>\n\n<p><strong>Mire figyeljen a v\u00e1s\u00e1rl\u00e1skor?<\/strong><\/p>\n\n<p>K\u00e9rj\u00fck olvassa el a szem\u00e9lyes adatok v\u00e9delm\u00e9r\u0151l sz\u00f3l\u00f3 nyilatkozatunkat!<\/p>\n\n<p>Tartsa nyilv\u00e1n a v\u00e1s\u00e1rl\u00e1s\u00e1val kapcsolatos adatait!<\/p>\n\n<p>Tartsa nyilv\u00e1n a fizet\u00e9ssel kapcsolatos tranzakci\u00f3s adatait! (visszaigazol\u00f3 email alapj\u00e1n)<\/p>\n\n<p>Biztos\u00edtsa, hogy a titkos k\u00e1rtyaadataihoz illet\u00e9ktelen szem\u00e9ly soha ne f\u00e9rhessen hozz\u00e1, ennek \u00e9rdek\u00e9ben k\u00e1rty\u00e1j\u00e1t, egy\u00e9ni azonos\u00edt\u00f3 (PIN) k\u00f3dj\u00e1t \u00e9s jelszav\u00e1t soha ne tartsa egy helyen!<\/p>\n\n<p>Haszn\u00e1ljon olyan b\u00f6ng\u00e9sz\u0151t, amely ismeri az SSL titkos\u00edt\u00e1shoz sz\u00fcks\u00e9ges opci\u00f3t, ezt rendszeresen friss\u00edtse!<\/p>\n\n<p><strong>C\u00e9g\u00fcnk \u00e9s az \u00e1lltalunk haszn\u00e1lt rendszer semmilyen m\u00f3don nem t\u00e1rol \u00e9s \u0151riz meg bankk\u00e1rtya adatokat.<\/strong><\/p>\n\n<p><strong>Az adatok t\u00e1rol\u00e1sa a Stripe rendszer\u00e9ben val\u00f3sul meg.<\/strong><\/p>\n\t\t\t\t\t\t\t\t<\/div>\n\t\t\t\t<\/div>\n\t\t\t\t\t<\/div>\n\t\t\t\t<\/div>\n\t\t\t\t<\/div>","protected":false},"excerpt":{"rendered":"<p>Stripe Let\u00f6lt\u00e9s Az online bankk\u00e1rty\u00e1s fizet\u00e9sek a Stripe elektronikus fizet\u00e9seket lebonyol\u00edt\u00f3 rendszer\u00e9n kereszt\u00fcl val\u00f3sulnak meg. A Stripe egy technol\u00f3giai v\u00e1llalat, amely gazdas\u00e1gi infrastrukt\u00far\u00e1t \u00e9p\u00edt az internet sz\u00e1m\u00e1ra. Seg\u00edts\u00e9g\u00e9vel minden m\u00e9ret\u0171 v\u00e1llalkoz\u00e1s &#8211; az \u00fajonnan indul\u00f3 v\u00e1llalkoz\u00e1sokt\u00f3l az \u00e1llami v\u00e1llalatokig &#8211; fizet\u00e9seket fogadhatnak el, \u00e9s online ir\u00e1ny\u00edthatj\u00e1k v\u00e1llalkoz\u00e1saikat. Tov\u00e1bbi inform\u00e1ci\u00f3k a Stripe-r\u00f3l (angol nyelv\u0171 oldal): stripe.com [&hellip;]<\/p>","protected":false},"author":5,"featured_media":0,"parent":0,"menu_order":0,"comment_status":"closed","ping_status":"closed","template":"","meta":{"_acf_changed":false,"_seopress_robots_primary_cat":"","_seopress_titles_title":"","_seopress_titles_desc":"","_seopress_robots_index":"","iawp_total_views":7,"footnotes":""},"class_list":["post-1366","page","type-page","status-publish","hentry"],"acf":[],"_links":{"self":[{"href":"https:\/\/normafasihaz.hu\/en\/wp-json\/wp\/v2\/pages\/1366","targetHints":{"allow":["GET"]}}],"collection":[{"href":"https:\/\/normafasihaz.hu\/en\/wp-json\/wp\/v2\/pages"}],"about":[{"href":"https:\/\/normafasihaz.hu\/en\/wp-json\/wp\/v2\/types\/page"}],"author":[{"embeddable":true,"href":"https:\/\/normafasihaz.hu\/en\/wp-json\/wp\/v2\/users\/5"}],"replies":[{"embeddable":true,"href":"https:\/\/normafasihaz.hu\/en\/wp-json\/wp\/v2\/comments?post=1366"}],"version-history":[{"count":4,"href":"https:\/\/normafasihaz.hu\/en\/wp-json\/wp\/v2\/pages\/1366\/revisions"}],"predecessor-version":[{"id":3869,"href":"https:\/\/normafasihaz.hu\/en\/wp-json\/wp\/v2\/pages\/1366\/revisions\/3869"}],"wp:attachment":[{"href":"https:\/\/normafasihaz.hu\/en\/wp-json\/wp\/v2\/media?parent=1366"}],"curies":[{"name":"wp","href":"https:\/\/api.w.org\/{rel}","templated":true}]}}