{"id":1229,"date":"2023-11-22T18:08:34","date_gmt":"2023-11-22T17:08:34","guid":{"rendered":"https:\/\/normafasihaz.hu\/kosar\/"},"modified":"2026-02-20T17:44:54","modified_gmt":"2026-02-20T16:44:54","slug":"kosar","status":"publish","type":"page","link":"https:\/\/normafasihaz.hu\/en\/kosar\/","title":{"rendered":"Kos\u00e1r"},"content":{"rendered":"<div data-elementor-type=\"wp-page\" data-elementor-id=\"1229\" class=\"elementor elementor-1229\" data-elementor-post-type=\"page\">\n\t\t\t\t<div class=\"elementor-element elementor-element-b7a212f e-flex e-con-boxed e-con e-parent\" data-id=\"b7a212f\" data-element_type=\"container\" data-e-type=\"container\">\n\t\t\t\t\t<div class=\"e-con-inner\">\n\t\t\t\t\t<\/div>\n\t\t\t\t<\/div>\n\t\t\t\t<\/div>","protected":false},"excerpt":{"rendered":"<p>T\u00e9tel t\u00f6rl\u00e9se B\u00e9lyegk\u00e9p Term\u00e9k \u00c1r Mennyis\u00e9g R\u00e9sz\u00f6sszeg &times; Sunset Pilates &#038; Bubbles | szeptember 4. &#8211; Pilates&#038;Matcha Jegyt\u00edpusa: Pilates&amp;Matcha 10000&nbsp;&#70;&#116; Sunset Pilates &amp; Bubbles | szeptember 4. &#8211; Pilates&amp;Matcha mennyis\u00e9g 10000&nbsp;&#70;&#116; &times; R\u00e9tesek 6 \u00e9s 12 darabos kiszerel\u00e9sben &#8211; 6 DB: 2 db rumos-di\u00f3s szilva, 2 db alm\u00e1s, 1 db t\u00far\u00f3s, 1 db meggyes \u00cdz [&hellip;]<\/p>","protected":false},"author":1,"featured_media":0,"parent":0,"menu_order":0,"comment_status":"closed","ping_status":"closed","template":"","meta":{"_acf_changed":false,"_seopress_robots_primary_cat":"","_seopress_titles_title":"","_seopress_titles_desc":"","_seopress_robots_index":"","iawp_total_views":277,"footnotes":""},"class_list":["post-1229","page","type-page","status-publish","hentry"],"acf":[],"_links":{"self":[{"href":"https:\/\/normafasihaz.hu\/en\/wp-json\/wp\/v2\/pages\/1229","targetHints":{"allow":["GET"]}}],"collection":[{"href":"https:\/\/normafasihaz.hu\/en\/wp-json\/wp\/v2\/pages"}],"about":[{"href":"https:\/\/normafasihaz.hu\/en\/wp-json\/wp\/v2\/types\/page"}],"author":[{"embeddable":true,"href":"https:\/\/normafasihaz.hu\/en\/wp-json\/wp\/v2\/users\/1"}],"replies":[{"embeddable":true,"href":"https:\/\/normafasihaz.hu\/en\/wp-json\/wp\/v2\/comments?post=1229"}],"version-history":[{"count":32,"href":"https:\/\/normafasihaz.hu\/en\/wp-json\/wp\/v2\/pages\/1229\/revisions"}],"predecessor-version":[{"id":3780,"href":"https:\/\/normafasihaz.hu\/en\/wp-json\/wp\/v2\/pages\/1229\/revisions\/3780"}],"wp:attachment":[{"href":"https:\/\/normafasihaz.hu\/en\/wp-json\/wp\/v2\/media?parent=1229"}],"curies":[{"name":"wp","href":"https:\/\/api.w.org\/{rel}","templated":true}]}}